{"id":1755,"date":"2016-03-04T00:09:39","date_gmt":"2016-03-03T23:09:39","guid":{"rendered":"http:\/\/www.metalitalia-festival.com\/?page_id=1755"},"modified":"2016-03-04T00:09:39","modified_gmt":"2016-03-03T23:09:39","slug":"edizione-2015","status":"publish","type":"page","link":"https:\/\/www.metalitalia-festival.com\/en\/edizione-2015\/","title":{"rendered":"Edizione 2015"},"content":{"rendered":"<p style=\"text-align: center;\"><strong>METALITALIA.COM FESTIVAL 2015<\/strong><br \/>\n<strong>30<\/strong><strong>\/05\/2015 &#8211; Live Music Club &#8211; Trezzo sull&#8217;Adda (MI)<\/strong><\/p>\n<p><em><img loading=\"lazy\" decoding=\"async\" class=\"aligncenter size-large wp-image-174343\" src=\"http:\/\/metalitalia.com\/wp-content\/uploads\/2015\/05\/metalitalia-festival-2015-locandina-definitiva-570x804.jpg\" alt=\"metalitalia festival 2015 - locandina definitiva\" width=\"570\" height=\"804\" \/><br \/>\n<\/em><\/p>\n<p><span style=\"text-decoration: underline;\">Running order<\/span>:<\/p>\n<p>Apertura porte: 14.30<\/p>\n<p>15.35 &#8211; <strong>ULVEDHARR<\/strong><br \/>\n16.20 &#8211; <strong>SINISTER<\/strong><br \/>\n17.25 &#8211; <strong>ULTRA-VIOLENCE<\/strong><br \/>\n18.10 &#8211; <strong>DARK LUNACY<\/strong><br \/>\n19.15 &#8211; <strong>ONSLAUGHT<\/strong><br \/>\n20.20 &#8211; <strong>FLESHGOD APOCALYPSE<\/strong><br \/>\n21.30 &#8211; <strong>EXODUS<\/strong><br \/>\n23.30 &#8211; <strong>TESTAMENT<\/strong><\/p>\n<p><strong><br \/>\nCrediti meet&amp;greet e report in diretta<\/strong><br \/>\nCoordinamento e organizzazione meet&amp;greet: <strong>Alessandro Corno<\/strong>, <strong>Luca Corbetta<\/strong> e <strong>Luca Pessina<br \/>\n<\/strong>Coordinamento report in diretta: <strong>Marco Gallarati<br \/>\n<\/strong>Fotografie meet&amp;greet: <strong>Francesco Castaldo<\/strong> e <strong>David Scatigna<br \/>\n<\/strong>Fotografie report in diretta: <strong>Francesco Castaldo<br \/>\n<\/strong>Report in diretta a cura di: <strong>Lorenzo &#8216;Satana&#8217; Ottolenghi<\/strong> (Ulvedharr, Onslaught, Fleshgod Apocalypse), <strong>Giovanni Mascherpa<\/strong> (Ultra-Violence, Dark Lunacy, Exodus) e <strong>Marco Gallarati<\/strong> (Sinister, Testament)<\/p>\n<p><strong><br \/>\nIntroduzione<br \/>\n<\/strong>Buongiorno ragazzi e ragazze, benvenuti al Metalitalia.com Festival 2015!<br \/>\nQuest&#8217;anno abbiamo decisamente fatto le cose in grande ed infatti, fin dai primissimi momenti dopo l&#8217;apertura porte, avvenuta puntuale alle 14.30, la risposta di pubblico \u00e8 ottima, con le prime file alle transenne gi\u00e0 occupate e con un&#8217;incredibile coda presso l&#8217;area esterna del Live Music Club di Trezzo, dove a brevissimo si terr\u00e0 l&#8217;agognato meet&amp;greet con i Testament e, a seguire, le altre band.<br \/>\nLa quarta edizione del nostro evento si preannuncia come sicuramente quella di miglior successo, almeno sotto il profilo dell&#8217;afflusso di gente. Nomi come Testament, Exodus ed Onslaught, veri e propri capisaldi del thrash metal, riescono a richiamare frotte di spettatori davvero importanti, oltre chiaramente a regalare, si spera, performance all&#8217;altezza della loro nomea. Oltre a loro, in un bill piuttosto compatto, solo otto band, ma redditizio, avremo poi il piacere di gustarci, in ordine sparso: l&#8217;icona death metal olandese Sinister; i nostri Fleshgod Apocalypse, band ormai certezza del panorama metallico italiano; gli storici Dark Lunacy, oggi all&#8217;opera con un prestigioso quartetto d&#8217;archi, proprio come due anni fa fecero i Sadist sempre su questo palco; Ultra-Violence e Ulvedharr, infine, a rimpinzare l&#8217;ondata di band nostrane emergenti, rispettivamente nei settori thrash metal e folk-death metal.<br \/>\nNel momento in cui scriviamo, la folla in coda per il meet&amp;greet coi Testament sta lentamente scemando verso i propri idoli e, di seguito, tornando soddisfatta chi nel locale, chi stazionando nell&#8217;area esterna.<br \/>\nQuindi, lasciando ora spazio alla musica suonata con gli opener Ulvedharr, non ci resta che augurarvi buonissima giornata, buon metal e buon Metalitalia.com Festival 2015. Non vi diciamo di essere numerosi, perch\u00e8 gi\u00e0 lo siete!<br \/>\n(Marco Gallarati)<strong><br \/>\n<\/strong><\/p>\n<p>&nbsp;<\/p>\n<p><strong>ULVEDHARR<\/strong> \u2013 15.35<br \/>\nProvenienza: Bergamo, Italia<br \/>\n<a href=\"http:\/\/www.facebook.com\/Ulvedharr\" target=\"_blank\">Facebook<\/a><\/p>\n<p>Agli Ulvedharr tocca l&#8217;onere e l&#8217;onore di aprire il festival: l&#8217;opening-act non ha mai un compito facile, perch\u00e8 tutto \u00e8 ancora indefinito. Mentre la lunga fila al meet&amp;greet coi Testament cresce, Ark e soci iniziano a suonare ed il pubblico -dapprima sparuto- accorre subito. Gli Ulvedharr sono una band che d\u00e0 il meglio di s\u00e8 nella dimenisione live e cos\u00ec -neanche nel tempo di una canzone- parte il primo, timido moshpit. Si prosegue senza sosta, poche parole e tanta musica per concentrare al massimo il numero di pezzi, pescando da materiale vecchio e nuovo. A met\u00e0 concerto, quello che era solo un abbozzo diventa un &#8220;vero&#8221; moshpit, scatenando un piccolo inferno sotto il palco, inferno alimentato dal micidiale viking death metal della band bergamasca, che trae energia ed ispirazione a mano a mano che la partecipazione del pubblico cresce. Difficile trovare una pecca alla performance degli Ulvedharr (a parte la mancanza in setlist di &#8220;Onward To Valhalla&#8221;): il gruppo picchia forte, colpisce gli astanti, incita e coinvolge. C&#8217;\u00e8 tempo pure per un inedito (&#8220;Legion&#8221;) prima della chiusura. Alziamo il calice in onore di Thor e ringraziamo per l&#8217;inizio devastante. Ed ora spazio ai Sinister!<br \/>\n(Lorenzo &#8220;Satana&#8221; Ottolenghi)<\/p>\n<p>&nbsp;<\/p>\n<p><strong>SINISTER<\/strong> \u2013 16.20<br \/>\nProvenienza: Schiedam, Olanda<br \/>\n<a href=\"http:\/\/www.facebook.com\/pages\/Sinister-Official\/255145351172432\" target=\"_blank\">Facebook<\/a><\/p>\n<p>Inizia un vero e proprio massacro festivaliero con la salita dei Sinister sul palco. Il ritardo di dieci minuti viene probabilmente pagato con il taglio finale di un pezzo, ma la quarantina di minuti sciorinata dai ragazzi<em> oranje<\/em> non fa rimpiangere assolutamente nulla. Aad Kloosterwaard e soci spazzano via ogni dubbio sul loro stato di forma, presentando il loro death metal old-school con una vigoria ed una forza belluine. L&#8217;audience reagisce bene e fin dai primi minuti partono sacche di pogo sporadiche ma violentissime, assieme ad apprezzati cori &#8216;Sinister, Sinister!&#8217;. Il growl catacombale di Kloosterwaard non perdona e, pur risultando piuttosto monotono e uniforme, ben si assesta sopra il riffing assassino dei suoi compari, splendidamente ficcante (il riffing) e con quel tocco di melodia che, all&#8217;interno di un contesto brutale, non sfigura quasi mai. Una prestazione a livello di festival estivi, praticamente, con una setlist che ha cercato di comprendere pi\u00f9 dischi possibile ed \u00e8 risultata piacevole e dolcemente stuprante per tutto il minutaggio. I Sinister ci lasciano con il sorriso sulle labbra, dunque, ed un concerto quasi impeccabile, con l&#8217;unico mezzo intoppo valutabile nel suono di batteria troppo in stile &#8216;fustino Dixan&#8217;. Palla ora agli Ultra-Violence, vediamo se sapranno essere pi\u00f9 (ultra)violenti dei deathster appena scesi dal palco.<br \/>\n(Marco Gallarati)<\/p>\n<p>&nbsp;<\/p>\n<p><strong>ULTRA-VIOLENCE<\/strong> \u2013 17.25<br \/>\nProvenienza: Torino, Italia<br \/>\n<a href=\"http:\/\/www.facebook.com\/ultraviolencemetal\" target=\"_blank\">Facebook<\/a><\/p>\n<p>E&#8217; un vero piacere constatare che, dietro ai giganti Exodus e Testament prossimi ad esibirsi sullo stesso palco, si muovono ragazzi di carattere e di talento come i nostrani Ultra-Violence. Sanno di avere un&#8217;occasione d&#8217;oro, davanti a un pubblico gi\u00e0 degno degli headliner &#8211; siamo solo alla terza band in scaletta, cose praticamente mai viste su suolo italiano &#8211; e se la giocano a viso aperto e senza complessi. Pazienza se durante il primo pezzo la chitarra di Loris Castiglia, anche cantante, smette di suonare e la si deve cambiare; pazienza pure per suoni discreti ma nient&#8217;affatto clamorosi; pazienza anche per qualche piccola sbavatura tecnica, quando ci sono cuore e furore in abbondanza a compensare piccole sviste qua e l\u00e0. Basta l&#8217;attacco Metallica-style del primo pezzo e parte la baraonda, oltre a una selva di incitamenti che non cesseranno per tutto il concerto. La lunghezza dei pezzi non va a discapito di grinta da belve assassine e perizia strumentale davvero eccellente per la giovane et\u00e0 media dei membri del quartetto. Con &#8220;Why So Serious&#8221; si affondano addirittura le mani nel crossover\/thrash di gente come Suicidal Tendencies e Mordred, tra riff rock&#8217;n&#8217;roll e un basso che pi\u00f9 anthraxiano non si potrebbe. La temperatura interna \u00e8 da arrosto, parte il primo circle-pit e dobbiamo arretrare per non essere travolti. I ragazzi ci sanno fare anche come intrattenitori e mentre Andrea Vacchiotti delizia con assoli classic metal goduriosissimi, la band avanza selvaggia ma precisa tra stacchi prepotenti, parti mosh in odore di hardcore con gli attributi, accelerazioni spezza-tibie. Quando arriva l&#8217;attacco alla Machine Head di &#8220;Restless Paradise&#8221; un boato si alza nel Live e anche i thrasher pi\u00f9 smaliziati si sono ormai fatti conquistare dal gruppo torinese. Finisce tra meritate ovazioni una mezz&#8217;ora di intenso thrash metal che pi\u00f9 classico non si potrebbe. Il Metalitalia.com Festival 2015 prosegue alla grande.<br \/>\n(Giovanni Mascherpa)<\/p>\n<p>&nbsp;<\/p>\n<p><strong>DARK LUNACY<\/strong> \u2013 18.10<br \/>\nProvenienza: Parma, Italia<br \/>\n<a href=\"http:\/\/www.facebook.com\/OfficialDarkLunacy\" target=\"_blank\">Facebook<\/a><\/p>\n<p>Una giornata memorabile stava per tramutarsi in tragedia. Solo musicale, si intende, per carit\u00e0. Per\u00f2, quando metti in piedi una data unica e, forse, irripetibile come questa, con un vero quartetto d&#8217;archi a integrare la performance della band, non ti auguri di certo che le basi scompaiano all&#8217;improvviso proprio quando stai per attaccare col primo pezzo. Come non ti dispongono favorevolmente suoni sgraziati e coi livelli tutti fuori posto nei primi minuti, quelli che accompagnano un primo brano davvero difficile da apprezzare. In una sala gi\u00e0 molto svuotata rispetto agli Ultra-Violence (l&#8217;abbiamo capito, la parte preoponderante del pubblico \u00e8 formata da thrasher duri e puri), questo potrebbe essere il colpo di grazia. Invece le cose migliorano, e gi\u00e0 con la seconda canzone il quartetto di origine parmense pu\u00f2 avere campo libero per fare quello che gli riesce meglio, ovvero un death metal drammatico, gotico e immaginifico come pochi altri. Mike pu\u00f2 scatenare il suo growl sanguigno, mentre l&#8217;apporto degli archi manda brividi infiniti a un&#8217;audience che inizia a entrare in sintonia con questo scenario invernale, intristito ma vitale, che rimanda ai giorni terribili della guerra nella lontana terra russa. Tutto quell&#8217;insieme di emozioni ondivaghe, fra speranza e rassegnazione, istinto di sopravvivenza e voglia di lasciarsi andare, lotta e arrendevolezza, contenute in un album come &#8220;The Diarist&#8221;, fuoriesce dalle casse in maniera toccante, irresistibile quanto il groviglio di opulenza death metal ora s\u00ec, pienamente comprensibile ed appagante. Nelle loro divise (vere) dell&#8217;esercito russo di un tempo, i Nostri crescono di splendore, passando prima dalla death metal-oriented &#8220;Sacred War&#8221; &#8211; una signora legnata &#8211; poi da un&#8217;accoppiata che lascia quasi senza fiato: &#8220;Motherland&#8221; e &#8220;Stalingrad&#8221;. Anche la porzione di pubblico meno partecipe si fa finalmente scuotere da questo misto di rabbia, doglianze, soavit\u00e0 e coltellate: sono le canzoni che meglio alternano violini e chitarra in un tourbillon emotivo stupendo e difficile da ritrovare altrove. Mancano pochi minuti alla fine, e si sente il bisogno di quell&#8217;hit assoluta che ha marchiato, fin dagli esordi, l&#8217;esistenza dei Dark Lunacy. E&#8217; il tempo di &#8220;Dolls&#8221;, e arriva addirittura un po&#8217; di pogo nelle prime file, mentre si alzano cori da ogni dove per sottolinare il celeberrimo giro di violini posto in apertura. Una melodia che ritorna e apre sempre nuovi scenari, all&#8217;interno di una composizione fatta a matrioska. Pensi sia finita, invece ti lascia accedere a nuovi piccoli scenari di poesia. Alla fine, come a teatro, gruppo e violinisti si abbracciano e si inchinano. Era iniziata male, \u00e8 finita in trionfo.<br \/>\n(Giovanni Mascherpa)<\/p>\n<p>&nbsp;<\/p>\n<p><strong>ONSLAUGHT<\/strong> \u2013 19.15<br \/>\nProvenienza: Bristol, Inghilterra, UK<br \/>\n<a href=\"http:\/\/www.facebook.com\/onslaughtuk\" target=\"_blank\">Facebook<\/a><\/p>\n<p>Basterebbe citare gli stessi Onslaught per descrivere il loro show: il suono della violenza. Violenza musicale che si esprime nel furioso thrash metal dalle radici hardcore espresso dagli inglesi; violenza verbale di chi grida &#8220;spitting blood in the face of god&#8221; e violenza del pubblico che -aizzato dalla band- scatena continuamente moshpit e circle-pit infernali. I thrasher di Bristol attaccano con &#8220;Let There Be Death&#8221;, facendoci subito capire cosa ci attende per la prossima ora. Tra vecchio e nuovo, non c&#8217;e&#8217; un momento di respiro in una setlist massacrante, al limite del sopportabile, tra classici del calibro di &#8220;Fight With The Beast&#8221;, &#8220;Metal Forces&#8221; e &#8220;Power From Hell&#8221;. Gli Onslaught sono una band leggendaria e vederli dal vivo fa ben capire il motivo dell&#8217;amore tributato da numerosissimi fan: il thrash satanico e primordiale degli inglesi non d\u00e0 scampo e colpisce in faccia con la violenza di un pugno di metallo. E&#8217; particolarmente difficile rendere a parole l&#8217;energia musicale sprigionata dal gruppo e -forse- l&#8217;unica vera misura, l&#8217;unico valido metro di giudizio \u00e8 il sudore lasciato dagli astanti sul suolo del Live. Tecnicamente possiamo dire che i suoni sono stati (finalmente) all&#8217;altezza dell&#8217;evento e che qualche piccola sbavatura ritmica non ha certo tolto nulla ad un concerto basato sul feeling e sulla simbiosi creata tra gli Onslaught e gli astanti. Poco altro da aggiungere al piacere ed al privilegio di poter assistere ad un pezzo di storia del thrash, che non sar\u00e0 -forse- tra i pi\u00f9 famosi ma che di certo \u00e8 tra i pi\u00f9 seminali. Tra poco si attraversa l&#8217;oceano e non sar\u00e0 cos\u00ec scontato per dei mostri sacri come Exodus e Testament trasmettere la stessa potenza degli Onslaught. Ma prima Fleshgod Apocalypse.<br \/>\n(Lorenzo &#8220;Satana&#8221; Ottolenghi)<\/p>\n<p>&nbsp;<\/p>\n<p><strong>FLESHGOD APOCALYPSE<\/strong> &#8211; 20.20<br \/>\nProvenienza: Roma, Perugia, Italia<br \/>\n<a href=\"http:\/\/www.facebook.com\/fleshgodapocalypse\" target=\"_blank\">Facebook<\/a><\/p>\n<p>I Fleshgod Apocalypse sono uno dei motivi per cui la scena metal italiana pu\u00f2 camminare a testa alta. Possono piacere o non piacere (e se siete seguaci della filosofia &#8220;less is more&#8221;, di certo non vi piaceranno), ma la band perugina ha un respiro internazionale davvero notevole. E quando il gruppo \u00e8 sul palco, \u00e8 evidente come sia abituato a suonare davanti a platee &#8220;importanti&#8221;. La presenza scenica \u00e8 impressionante, impossibile non andare con la mente ai Dimmu Borgir, ma i nostri connazionali hanno un approccio totalmente diverso, molto pi\u00f9 carico e -a tratti- barocco; ma proprio questo \u00e8 il punto di forza dei Fleshgod: non sono una band che tenta di imitare qualcosa di facile, ma persone con un&#8217;identit\u00e0 musicale ben definita e molto italiana (la lettura dell&#8217;Inferno dantesco, col celebre &#8220;fatti non foste a viver come bruti&#8221;, ne \u00e8 prova e suggello). I tocchi di classe sul palco sono molti e notevoli: dal pianoforte con il musicista che volge le spalle al pubblico alla cantante lirica che resta a tratti in disparte e a tratti si porta al centro della scena. E&#8217; chiaro che nulla \u00e8 lasciato al caso e che l&#8217;intero show \u00e8 ben studiato, ma non per questo la band risulta stucchevole o poco spontanea, anzi; e ben se ne accorge il pubblico, che partecipa e risponde. Ovviamente la musica dei Fleshgod Apocalypse ha un tiro totalmente diverso da quello delle band che li hanno preceduti e -a differenza degli Onslaught- la musica dei perugini \u00e8 forse leggermente penalizzata dalla dimensione live. I suoni, comunque, dopo un inizio un po&#8217; tentennnante, si fanno puliti e nitidi (forse un po&#8217; troppo alto il trigger sulla doppia cassa, ma parliamo di sottigliezze) e ci regalano uno show di alta caratura. A margine possiamo dire che ci auguriamo che il successo di questo gruppo sia, per le grosse label, una conferma che l&#8217;Italia \u00e8 in grado di regalare band di alto livello. Un plauso, quindi, ai Fleshgod, sopratutto pensando a quanta strada hanno fatto in cos\u00ec poco tempo. Ed ora? E&#8217; il momento degli Exodus, non crediamo serva aggiungere altro.<br \/>\n(Lorenzo &#8220;Satana&#8221; Ottolenghi)<\/p>\n<p>&nbsp;<\/p>\n<p><strong>EXODUS<\/strong> \u2013 21.30<br \/>\nProvenienza: San Francisco, California, USA<br \/>\n<a href=\"http:\/\/www.facebook.com\/exodusattack\" target=\"_blank\">Facebook<\/a><\/p>\n<p>Un giorno chi c&#8217;\u00e8 stato lo potr\u00e0 raccontare con orgoglio. Tra un mese, tra un anno, un decennio. Chiss\u00e0. Narrer\u00e0, agli amici che erano con lui (o con lei) di quei momenti, e gli far\u00e0 scendere una lacrimuccia di nostalgia. Oppure, parlando con qualcuno che non era presente, prover\u00e0 a farlo crepare d&#8217;invidia per aver mancato un evento di tale portata. Il concerto degli Exodus si \u00e8 dipanato in condizioni perfette, quegli istanti dove tutti i pianeti si allineano, ogni cosa \u00e8 al suo posto, ogni tessera del mosaico si incastra alla perfezione con l&#8217;altra. Suoni perfetti, calibrati in maniera fin miracolosa, alla luce di qualche piccola noia vissuta con le esibizioni precedenti; un pubblico che definire caldo e partecipe \u00e8 un eufemismo; una band in palla oltre ogni ragionevole previsione. Il Live \u00e8 stracolmo quando un&#8217;intro tamarrissima, da guerriglia urbana nel ghetto, annuncia l&#8217;arrivo dei cinque di San Francisco. Tom Hunting in piedi sulla batteria arringa il pubblico, cos\u00ec folto da potersi quasi spalmare su pi\u00f9 livelli e toccare il soffitto. Parte &#8220;Black 13&#8221;, opener dell&#8217;ultimo, fortunatissimo, &#8220;Blood In Blood Out&#8221;, ed \u00e8 chiaro che si andr\u00e0 a godere oltre ogni immaginazione. Souza \u00e8 in formissima, sogghigna sardonico mentre cammina sul palco sfidando gli astanti a reggerne il carisma: mission impossible. Di voce sta benissimo e anche chi non \u00e8 esattamente un suo fan come chi scrive pu\u00f2 solo inchinarsi e scapocciare indemoniato di fronte a un&#8217;ugola cos\u00ec sprezzante e velenosa. La metrica di Souza \u00e8 da orgasmo e fa sfracelli non solo sui &#8220;suoi&#8221; brani, ma anche su un estratto dell&#8217;epoca-Dukes, la stupenda e un po&#8217; strana &#8211; per il coro pulito sul refrain &#8211; &#8220;Children Of A Worthless God&#8221;. Se non bastasse quanto di grandioso stia gi\u00e0 accadendo, si vola in orbita quando entrano in campo le pietre miliari del disco da cui tutto ebbe inizio: &#8220;Bonded By Blood&#8221;. Tocca a &#8220;Piranha&#8221; gettare l&#8217;amo a pesci famelici come i temibili carnivori tropicali. La coppia d&#8217;asce, pur orfana di Gary Holt (preso in giro da Souza e dall&#8217;intera band con un accenno a &#8220;Raining Blood&#8221;), fa sfracelli, dando lezioni di stile, astuzia e feeling con feroce abnegazione. Si rimpalla continuamente tra l&#8217;esordio e &#8220;Tempo Of The Damned&#8221;, da cui arrivano le attesissime &#8211; che boati quando vengono annunciate! &#8211; &#8220;Blacklist&#8221; e &#8220;War Is My Sheperd&#8221;, mentre &#8220;The Toxic Waltz&#8221; tiene alta la bandiera di &#8220;Fabulous Disaster&#8221;. Su &#8220;Metal Command&#8221; succede il finimondo, \u00e8 un anthem troppo ghiotto per non rovinarsi quel poco di voce rimasta intonando il refrain a tempo con Souza. &#8220;Another Lesson In Violence&#8221; e &#8220;Bonded By Blood&#8221; staccano gli ultimi pezzi di cartilagine dai nostri colli, si boccheggia e si suda copiosamente, ma sarebbe un delitto lasciare la posizione. Souza fa il brillante e il gigione, assicurando che quella milanese \u00e8 l&#8217;audience migliore che esista: facciamo finta di credergli, stasera gli potremmo concedere qualsiasi cosa. Una tremenda, bellissima e definitiva &#8220;Strike Of The Beast&#8221; chiude un&#8217;esibizione di profilo altissimo, da tramandare ai posteri per la partecipazione corale di un pubblico oggi davvero meraviglioso, degno di essere paragonato a quello dei grandi festival europei a cui noi italiani, spesso, guardiamo con infinita invidia. Non in questa occasione. E se non c&#8217;eravate, fatevi raccontare da chi era presente cosa vi siete persi&#8230;<br \/>\n(Giovanni Mascherpa)<\/p>\n<p>&nbsp;<\/p>\n<p><strong>TESTAMENT<\/strong> \u2013 23.30<br \/>\nProvenienza: Oakland, California, USA<br \/>\n<a href=\"http:\/\/www.facebook.com\/testamentlegions\" target=\"_blank\">Facebook<\/a><\/p>\n<p>Dopo il crescendo di prestazioni odierne, con la sublimazione apocalittica narrata per gli Exodus, \u00e8 dura per i Testament riuscire a sconfiggere i loro connazionali. La band parte in sordina, o meglio&#8230;partirebbe in sordina, se un soundcheck infinito &#8211; quasi cinquanta minuti, con problemi alle luci apparentemente irrisolvibili &#8211; non ritardasse di parecchio l&#8217;inizio della performance. All&#8217;ennesima bordata di fischi indirizzati verso il palco, finalmente calano le luci di botto e parte l&#8217;intro, facendo cos\u00ec rombare le prime urla della folla. La line-up impegnata quest&#8217;oggi \u00e8 di quelle sensazionali, seconda probabilmente &#8211; ma va a gusti, attenzione &#8211; solo a quella che registr\u00f2 il magistrale &#8220;The Gathering&#8221;: Skolnick rientrato pi\u00f9 che stabilmente alla base e Gene &#8216;Atomic Clock&#8217; Hoglan dietro l&#8217;immane drumkit non fanno certo rimpiangere calibri grossi della stazza di James Murphy e Dave Lombardo; Chuck Billy, Eric Peterson e Steve Di Giorgio &#8211; avete detto il nulla! &#8211; completano il quintetto delle meraviglie. Si decolla alla grandissima, dunque, con &#8220;Over The Wall&#8221;, subito un salto nel passato profondo della band che comincia abbastanza bene, ma con ancora i suoni da calibrare. L&#8217;ora e mezza a disposizione dei Nostri verr\u00e0 leggermente ridotta di qualche minuto, senza per questo inficiare troppo la riuscita del concerto, se non per quanto riguarda la parte finale della setlist, quando all&#8217;altezza di &#8220;D.N.R. (Do Not Resuscitate)&#8221; Hoglan ha accelerato vorticosamente le metriche gi\u00e0 telluriche del brano, costringendo Chuck Billy a prendere fiato o addirittura a interrompere parte delle strofe, sopraffatto dalla ritmica incessante dei suoi quattro pard. Comunque sia, ad esclusione di questo lieve deficit, qualche altra sbavatura tecnica e le uscite libere, apprezzatissime, del basso di Steve Di Giorgio, i Testament hanno sciorinato un&#8217;esibizione all&#8217;altezza di un pubblico ormai davvero straripante e contenuto con difficolt\u00e0 dalle mura della fortezza Live Music Club. A qualche richiamo iniziale agli ultimi album della formazione USA, \u00e8 seguito poi un deciso revival del passato, con praticamente l&#8217;esecuzione di tutti i brani di &#8220;The New Order&#8221;, pi\u00f9 i classiconi &#8220;Souls Of Black&#8221;, &#8220;Practice What You Preach&#8221; e &#8220;First Strike Is Deadly&#8221;. Finalone con le gran pogate della gi\u00e0 citata &#8220;D.N.R. (Do Not Resuscitate)&#8221; e la anthemica, coreggiante &#8220;3 Days In Darkness&#8221;, prima che &#8220;Disciples Of The Watch&#8221; distruggesse qualsiasi velleitaria resistenza di un&#8217;audience supponiamo soddisfatta, mezza claudicante e tutto sommato felice; felice per aver vissuto una manifestazione che, al quarto anno d&#8217;esistenza, raggiunge infine l&#8217;ambito traguardo del tutto esaurito, un punto d&#8217;arrivo che ci soddisfa tantissimo e ci permette di pensare con tanta serenit\u00e0 ed entusiasmo al prossimo anno. Per ora lasciateci per\u00f2 riposare un po&#8217; sugli allori e ringraziare tutte le persone coinvolte nella realizzazione del Metalitalia.com Festival 2015, le band partecipanti e soprattutto VOI che siete intervenuti in maniera massiccia. Davvero grazie e alla prossima edizione!<br \/>\n(Marco Gallarati)<\/p>\n","protected":false},"excerpt":{"rendered":"<p>METALITALIA.COM FESTIVAL 2015 30\/05\/2015 &#8211; Live Music Club &#8211; Trezzo sull&#8217;Adda (MI) Running order: Apertura porte: 14.30 15.35 &#8211; ULVEDHARR 16.20 &#8211; SINISTER 17.25 &#8211; ULTRA-VIOLENCE 18.10 &#8211; DARK LUNACY 19.15 &#8211; ONSLAUGHT 20.20 &#8211; FLESHGOD APOCALYPSE 21.30 &#8211; EXODUS 23.30 &#8211; TESTAMENT Crediti meet&amp;greet e report in diretta Coordinamento e organizzazione meet&amp;greet: Alessandro Corno, [&hellip;]<\/p>\n","protected":false},"author":1,"featured_media":0,"parent":0,"menu_order":0,"comment_status":"closed","ping_status":"closed","template":"","meta":{"_acf_changed":false,"_seopress_robots_primary_cat":"","_seopress_titles_title":"","_seopress_titles_desc":"","_seopress_robots_index":"","_et_pb_use_builder":"","_et_pb_old_content":"","_et_gb_content_width":"","_monsterinsights_skip_tracking":false,"_monsterinsights_sitenote_active":false,"_monsterinsights_sitenote_note":"","_monsterinsights_sitenote_category":0,"footnotes":""},"class_list":["post-1755","page","type-page","status-publish","hentry"],"acf":[],"_links":{"self":[{"href":"https:\/\/www.metalitalia-festival.com\/en\/wp-json\/wp\/v2\/pages\/1755","targetHints":{"allow":["GET"]}}],"collection":[{"href":"https:\/\/www.metalitalia-festival.com\/en\/wp-json\/wp\/v2\/pages"}],"about":[{"href":"https:\/\/www.metalitalia-festival.com\/en\/wp-json\/wp\/v2\/types\/page"}],"author":[{"embeddable":true,"href":"https:\/\/www.metalitalia-festival.com\/en\/wp-json\/wp\/v2\/users\/1"}],"replies":[{"embeddable":true,"href":"https:\/\/www.metalitalia-festival.com\/en\/wp-json\/wp\/v2\/comments?post=1755"}],"version-history":[{"count":1,"href":"https:\/\/www.metalitalia-festival.com\/en\/wp-json\/wp\/v2\/pages\/1755\/revisions"}],"predecessor-version":[{"id":1762,"href":"https:\/\/www.metalitalia-festival.com\/en\/wp-json\/wp\/v2\/pages\/1755\/revisions\/1762"}],"wp:attachment":[{"href":"https:\/\/www.metalitalia-festival.com\/en\/wp-json\/wp\/v2\/media?parent=1755"}],"curies":[{"name":"wp","href":"https:\/\/api.w.org\/{rel}","templated":true}]}}